{"id":66,"date":"2024-12-03T22:08:00","date_gmt":"2024-12-03T22:08:00","guid":{"rendered":"https:\/\/doodlejule.de\/shop\/imprint\/"},"modified":"2024-12-05T14:54:55","modified_gmt":"2024-12-05T14:54:55","slug":"imprint","status":"publish","type":"page","link":"https:\/\/doodlejule.de\/shop\/imprint\/","title":{"rendered":"Imprint"},"content":{"rendered":"\n<p><\/p>\n\n\n\n<p>Julia Klein<br>doodlejule<br>c\/o Emma Sonnenscheins-Impressumsservice<br>Auenstr. 37<br>85649 Brunnthal<\/p>\n\n\n\n<p>E-Mail: hey@doodlejule.de<\/p>\n\n\n\n<p>Zum Schutz meiner Privatsph\u00e4re nutze ich einen Impressumsservice, der bevollm\u00e4chtigt ist, offizielle Briefe zu empfangen. Der Service nimmt keine Pakete oder P\u00e4ckchen an. Um mich direkt zu kontaktieren, schickt bitte keine Post dorthin, sondern nutzt meine E-Mail-Adresse.<\/p>\n\n\n\n<p>German and EU law dictates that I provide a business address on my website. In order to protect the privacy of me and my family, I am using the services of an external agency who is empowered to receive letters in my name. They do not accept parcels. Please do not send anything to this address, but use my email instead.<\/p>\n\n\n\n<h4 class=\"wp-block-heading\">Verbraucher\u00adstreit\u00adbeilegung\/Universal\u00adschlichtungs\u00adstelle<\/h4>\n\n\n\n<p>Wir sind nicht bereit oder verpflichtet, an Streitbeilegungsverfahren vor einer Verbraucherschlichtungsstelle teilzunehmen.<\/p>\n\n\n\n<h4 class=\"wp-block-heading\">Zentrale Kontaktstelle nach dem Digital Services Act &#8211; DSA (Verordnung (EU) 2022\/265)<\/h4>\n\n\n\n<p>Unsere zentrale Kontaktstelle f\u00fcr Nutzer und Beh\u00f6rden nach Art. 11, 12 DSA erreichen Sie wie folgt:<\/p>\n\n\n\n<p>E-Mail: hey@doodlejule.de<\/p>\n\n\n\n<p>Die f\u00fcr den Kontakt zur Verf\u00fcgung stehenden Sprachen sind: Deutsch, Englisch.<\/p>\n\n\n<div class=\"woocommerce woocommerce-gzd woocommerce-gzd-complaints-shortcode\">\n\t\t\t<h3>Alternative Dispute Resolution in accordance with Art. 14 (1) ODR-VO and \u00a7 36 VSBG:<\/h3>\n\t\n<p>The european commission provides a platform for online dispute resolution (OS) which is accessible at <a href=\"https:\/\/ec.europa.eu\/consumers\/odr\" target=\"_blank\">https:\/\/ec.europa.eu\/consumers\/odr<\/a>. We are not obliged nor willing to participate in dispute settlement proceedings before a consumer arbitration board.<\/p>\n<\/div>\n\n\n\n<p><\/p>\n","protected":false},"excerpt":{"rendered":"<p>Julia Kleindoodlejulec\/o Emma Sonnenscheins-ImpressumsserviceAuenstr. 3785649 Brunnthal E-Mail: hey@doodlejule.de Zum Schutz meiner Privatsph\u00e4re nutze ich einen Impressumsservice, der bevollm\u00e4chtigt ist, offizielle Briefe zu empfangen. Der Service nimmt keine Pakete oder P\u00e4ckchen an. Um mich direkt zu kontaktieren, schickt bitte keine Post dorthin, sondern nutzt meine E-Mail-Adresse. German and EU law dictates that I provide a business [&hellip;]<\/p>\n","protected":false},"author":1,"featured_media":0,"parent":0,"menu_order":0,"comment_status":"closed","ping_status":"closed","template":"","meta":{"footnotes":""},"class_list":["post-66","page","type-page","status-publish","hentry"],"_links":{"self":[{"href":"https:\/\/doodlejule.de\/shop\/wp-json\/wp\/v2\/pages\/66","targetHints":{"allow":["GET"]}}],"collection":[{"href":"https:\/\/doodlejule.de\/shop\/wp-json\/wp\/v2\/pages"}],"about":[{"href":"https:\/\/doodlejule.de\/shop\/wp-json\/wp\/v2\/types\/page"}],"author":[{"embeddable":true,"href":"https:\/\/doodlejule.de\/shop\/wp-json\/wp\/v2\/users\/1"}],"replies":[{"embeddable":true,"href":"https:\/\/doodlejule.de\/shop\/wp-json\/wp\/v2\/comments?post=66"}],"version-history":[{"count":2,"href":"https:\/\/doodlejule.de\/shop\/wp-json\/wp\/v2\/pages\/66\/revisions"}],"predecessor-version":[{"id":133,"href":"https:\/\/doodlejule.de\/shop\/wp-json\/wp\/v2\/pages\/66\/revisions\/133"}],"wp:attachment":[{"href":"https:\/\/doodlejule.de\/shop\/wp-json\/wp\/v2\/media?parent=66"}],"curies":[{"name":"wp","href":"https:\/\/api.w.org\/{rel}","templated":true}]}}